{"id":648,"date":"2025-03-27T10:19:55","date_gmt":"2025-03-27T09:19:55","guid":{"rendered":"https:\/\/cheddarsmash.com\/?page_id=648"},"modified":"2025-03-27T12:27:04","modified_gmt":"2025-03-27T11:27:04","slug":"aviso-legal","status":"publish","type":"page","link":"https:\/\/cheddarsmash.com\/en\/aviso-legal\/","title":{"rendered":"Legal Notice"},"content":{"rendered":"<div data-elementor-type=\"wp-page\" data-elementor-id=\"648\" class=\"elementor elementor-648\" data-elementor-post-type=\"page\">\n\t\t\t\t<div class=\"elementor-element elementor-element-86df18a e-con-full e-flex e-con e-parent\" data-id=\"86df18a\" data-element_type=\"container\">\n\t\t<div class=\"elementor-element elementor-element-d4ff8a2 e-con-full e-flex e-con e-child\" data-id=\"d4ff8a2\" data-element_type=\"container\">\n\t\t\t\t<div class=\"elementor-element elementor-element-1d62a67 elementor-widget elementor-widget-heading\" data-id=\"1d62a67\" data-element_type=\"widget\" data-widget_type=\"heading.default\">\n\t\t\t\t<div class=\"elementor-widget-container\">\n\t\t\t\t\t<h1 class=\"elementor-heading-title elementor-size-default\">Legal Notice<\/h1>\t\t\t\t<\/div>\n\t\t\t\t<\/div>\n\t\t\t\t<\/div>\n\t\t\t\t<\/div>\n\t\t<div class=\"elementor-element elementor-element-3d24365 e-con-full e-flex e-con e-parent\" data-id=\"3d24365\" data-element_type=\"container\">\n\t\t\t\t<div class=\"elementor-element elementor-element-5d6ccaa elementor-invisible elementor-widget elementor-widget-image\" data-id=\"5d6ccaa\" data-element_type=\"widget\" data-settings=\"{&quot;_animation&quot;:&quot;fadeInUp&quot;}\" data-widget_type=\"image.default\">\n\t\t\t\t<div class=\"elementor-widget-container\">\n\t\t\t\t\t\t\t\t\t\t\t\t\t\t\t<img loading=\"lazy\" decoding=\"async\" width=\"2796\" height=\"180\" src=\"https:\/\/cheddarsmash.com\/wp-content\/uploads\/2025\/02\/cuadrados.png\" class=\"attachment-full size-full wp-image-101\" alt=\"\" srcset=\"https:\/\/cheddarsmash.com\/wp-content\/uploads\/2025\/02\/cuadrados.png 2796w, https:\/\/cheddarsmash.com\/wp-content\/uploads\/2025\/02\/cuadrados-300x19.png 300w, https:\/\/cheddarsmash.com\/wp-content\/uploads\/2025\/02\/cuadrados-1024x66.png 1024w, https:\/\/cheddarsmash.com\/wp-content\/uploads\/2025\/02\/cuadrados-768x49.png 768w, https:\/\/cheddarsmash.com\/wp-content\/uploads\/2025\/02\/cuadrados-1536x99.png 1536w, https:\/\/cheddarsmash.com\/wp-content\/uploads\/2025\/02\/cuadrados-2048x132.png 2048w\" sizes=\"auto, (max-width: 2796px) 100vw, 2796px\" \/>\t\t\t\t\t\t\t\t\t\t\t\t\t\t\t<\/div>\n\t\t\t\t<\/div>\n\t\t\t\t<\/div>\n\t\t<div class=\"elementor-element elementor-element-2d9f6d9 e-con-full e-flex e-con e-parent\" data-id=\"2d9f6d9\" data-element_type=\"container\">\n\t\t\t\t<div class=\"elementor-element elementor-element-b1d90fa elementor-widget elementor-widget-text-editor\" data-id=\"b1d90fa\" data-element_type=\"widget\" data-widget_type=\"text-editor.default\">\n\t\t\t\t<div class=\"elementor-widget-container\">\n\t\t\t\t\t<style>.elementor-element-b1d90fa{display:none !important}<\/style>\t\t\t\t<\/div>\n\t\t\t\t<\/div>\n\t\t\t\t<\/div>\n\t\t<div class=\"elementor-element elementor-element-c40f215 e-con-full e-flex e-con e-parent\" data-id=\"c40f215\" data-element_type=\"container\">\n\t\t\t\t<div class=\"elementor-element elementor-element-0ae56ca elementor-widget elementor-widget-text-editor\" data-id=\"0ae56ca\" data-element_type=\"widget\" data-widget_type=\"text-editor.default\">\n\t\t\t\t<div class=\"elementor-widget-container\">\n\t\t\t\t\t\t\t\t\t<p class=\"\" data-start=\"165\" data-end=\"406\">In compliance with the duty of information set forth in Article 10 of Spanish Law 34\/2002, of July 11, on Information Society Services and Electronic Commerce, the identifying details of the company that owns this website are provided below:<\/p><p class=\"\" data-start=\"408\" data-end=\"599\"><strong data-start=\"408\" data-end=\"418\">Owner:<\/strong> MR IBIZA, SL<br data-start=\"431\" data-end=\"434\" \/><strong data-start=\"434\" data-end=\"451\">CIF (Tax ID):<\/strong> B19746825<br data-start=\"461\" data-end=\"464\" \/><strong data-start=\"464\" data-end=\"486\">Registered office:<\/strong> C\/ Mulan, 79 \u2013 35118 Las Palmas, Spain<br data-start=\"525\" data-end=\"528\" \/><strong data-start=\"528\" data-end=\"546\">Contact phone:<\/strong> +34 620 83 02 45<br data-start=\"563\" data-end=\"566\" \/><strong data-start=\"566\" data-end=\"576\">Email:<\/strong> <a rel=\"noopener\" data-start=\"577\" data-end=\"599\">mr.ibizavape@gmail.com<\/a><\/p><hr class=\"\" data-start=\"601\" data-end=\"604\" \/><h3 class=\"\" data-start=\"606\" data-end=\"620\">1. Purpose<\/h3><p class=\"\" data-start=\"622\" data-end=\"893\">This website has been created with the purpose of providing information about the products and services of MR IBIZA, SL. Access to and use of this website grants the status of user and implies full and unreserved acceptance of all the terms included in this Legal Notice.<\/p><hr class=\"\" data-start=\"895\" data-end=\"898\" \/><h3 class=\"\" data-start=\"900\" data-end=\"919\">2. Terms of Use<\/h3><p class=\"\" data-start=\"921\" data-end=\"1126\">The user agrees to make proper use of the content and services provided by MR IBIZA, SL through its website and not to use them for illegal activities or activities contrary to good faith and public order.<\/p><p class=\"\" data-start=\"1128\" data-end=\"1357\">MR IBIZA, SL reserves the right to modify any information that may appear on the website without any obligation to give prior notice or inform users of such changes, with publication on the website being understood as sufficient.<\/p><hr class=\"\" data-start=\"1359\" data-end=\"1362\" \/><h3 class=\"\" data-start=\"1364\" data-end=\"1407\">3. Intellectual and Industrial Property<\/h3><p class=\"\" data-start=\"1409\" data-end=\"1744\">All contents of this website, including texts, images, graphics, logos, icons, as well as the graphic design, source code, and software, are the exclusive property of MR IBIZA, SL or third parties whose rights are recognized by MR IBIZA, SL, and are protected by national and international laws on intellectual and industrial property.<\/p><p class=\"\" data-start=\"1746\" data-end=\"1869\">The total or partial reproduction of this website without the express authorization of MR IBIZA, SL is strictly prohibited.<\/p><hr class=\"\" data-start=\"1871\" data-end=\"1874\" \/><h3 class=\"\" data-start=\"1876\" data-end=\"1892\">4. Liability<\/h3><p class=\"\" data-start=\"1894\" data-end=\"2149\">MR IBIZA, SL is not responsible for any damages arising from the use of the content of its website. Likewise, it does not guarantee the absence of viruses or other harmful elements that may cause damage to the user&#8217;s computer systems, documents, or files.<\/p><hr class=\"\" data-start=\"2151\" data-end=\"2154\" \/><h3 class=\"\" data-start=\"2156\" data-end=\"2194\">5. Applicable Law and Jurisdiction<\/h3><p class=\"\" data-start=\"2196\" data-end=\"2418\">The relationship between MR IBIZA, SL and the user shall be governed by the current legislation in force in Spain. Any dispute shall be submitted to the Courts and Tribunals of Las Palmas, unless otherwise provided by law.<\/p>\t\t\t\t\t\t\t\t<\/div>\n\t\t\t\t<\/div>\n\t\t\t\t<\/div>\n\t\t\t\t<\/div>","protected":false},"excerpt":{"rendered":"<p>Aviso Legal En cumplimiento con el deber de informaci\u00f3n recogido en el art\u00edculo 10 de la Ley 34\/2002, de 11 de julio, de Servicios de la Sociedad de la Informaci\u00f3n y del Comercio Electr\u00f3nico, a continuaci\u00f3n se reflejan los datos identificativos de la empresa titular de este sitio web: Titular: MR IBIZA, SLCIF: B19746825Domicilio social: [&hellip;]<\/p>","protected":false},"author":1,"featured_media":0,"parent":0,"menu_order":0,"comment_status":"closed","ping_status":"closed","template":"","meta":{"footnotes":""},"class_list":["post-648","page","type-page","status-publish","hentry"],"yoast_head":"<!-- This site is optimized with the Yoast SEO plugin v25.0 - https:\/\/yoast.com\/wordpress\/plugins\/seo\/ -->\n<title>Aviso Legal - Cheddar Smash<\/title>\n<meta name=\"robots\" content=\"index, follow, max-snippet:-1, max-image-preview:large, max-video-preview:-1\" \/>\n<link rel=\"canonical\" href=\"https:\/\/cheddarsmash.com\/en\/aviso-legal\/\" \/>\n<meta property=\"og:locale\" content=\"en_GB\" \/>\n<meta property=\"og:type\" content=\"article\" \/>\n<meta property=\"og:title\" content=\"Aviso Legal - Cheddar Smash\" \/>\n<meta property=\"og:description\" content=\"Aviso Legal En cumplimiento con el deber de informaci\u00f3n recogido en el art\u00edculo 10 de la Ley 34\/2002, de 11 de julio, de Servicios de la Sociedad de la Informaci\u00f3n y del Comercio Electr\u00f3nico, a continuaci\u00f3n se reflejan los datos identificativos de la empresa titular de este sitio web: Titular: MR IBIZA, SLCIF: B19746825Domicilio social: [&hellip;]\" \/>\n<meta property=\"og:url\" content=\"https:\/\/cheddarsmash.com\/en\/aviso-legal\/\" \/>\n<meta property=\"og:site_name\" content=\"Cheddar Smash\" \/>\n<meta property=\"article:modified_time\" content=\"2025-03-27T11:27:04+00:00\" \/>\n<meta property=\"og:image\" content=\"https:\/\/cheddarsmash.com\/wp-content\/uploads\/2025\/02\/cuadrados.png\" \/>\n<meta name=\"twitter:card\" content=\"summary_large_image\" \/>\n<meta name=\"twitter:label1\" content=\"Estimated reading time\" \/>\n\t<meta name=\"twitter:data1\" content=\"4 minutes\" \/>\n<script type=\"application\/ld+json\" class=\"yoast-schema-graph\">{\"@context\":\"https:\/\/schema.org\",\"@graph\":[{\"@type\":\"WebPage\",\"@id\":\"https:\/\/cheddarsmash.com\/en\/aviso-legal\/\",\"url\":\"https:\/\/cheddarsmash.com\/en\/aviso-legal\/\",\"name\":\"Aviso Legal - Cheddar Smash\",\"isPartOf\":{\"@id\":\"https:\/\/cheddarsmash.com\/#website\"},\"primaryImageOfPage\":{\"@id\":\"https:\/\/cheddarsmash.com\/en\/aviso-legal\/#primaryimage\"},\"image\":{\"@id\":\"https:\/\/cheddarsmash.com\/en\/aviso-legal\/#primaryimage\"},\"thumbnailUrl\":\"https:\/\/cheddarsmash.com\/wp-content\/uploads\/2025\/02\/cuadrados.png\",\"datePublished\":\"2025-03-27T09:19:55+00:00\",\"dateModified\":\"2025-03-27T11:27:04+00:00\",\"breadcrumb\":{\"@id\":\"https:\/\/cheddarsmash.com\/en\/aviso-legal\/#breadcrumb\"},\"inLanguage\":\"en-GB\",\"potentialAction\":[{\"@type\":\"ReadAction\",\"target\":[\"https:\/\/cheddarsmash.com\/en\/aviso-legal\/\"]}]},{\"@type\":\"ImageObject\",\"inLanguage\":\"en-GB\",\"@id\":\"https:\/\/cheddarsmash.com\/en\/aviso-legal\/#primaryimage\",\"url\":\"https:\/\/cheddarsmash.com\/wp-content\/uploads\/2025\/02\/cuadrados.png\",\"contentUrl\":\"https:\/\/cheddarsmash.com\/wp-content\/uploads\/2025\/02\/cuadrados.png\"},{\"@type\":\"BreadcrumbList\",\"@id\":\"https:\/\/cheddarsmash.com\/en\/aviso-legal\/#breadcrumb\",\"itemListElement\":[{\"@type\":\"ListItem\",\"position\":1,\"name\":\"Portada\",\"item\":\"https:\/\/cheddarsmash.com\/en\/\"},{\"@type\":\"ListItem\",\"position\":2,\"name\":\"Aviso Legal\"}]},{\"@type\":\"WebSite\",\"@id\":\"https:\/\/cheddarsmash.com\/#website\",\"url\":\"https:\/\/cheddarsmash.com\/\",\"name\":\"Cheddar Smash\",\"description\":\"Street Food\",\"publisher\":{\"@id\":\"https:\/\/cheddarsmash.com\/#organization\"},\"potentialAction\":[{\"@type\":\"SearchAction\",\"target\":{\"@type\":\"EntryPoint\",\"urlTemplate\":\"https:\/\/cheddarsmash.com\/?s={search_term_string}\"},\"query-input\":{\"@type\":\"PropertyValueSpecification\",\"valueRequired\":true,\"valueName\":\"search_term_string\"}}],\"inLanguage\":\"en-GB\"},{\"@type\":\"Organization\",\"@id\":\"https:\/\/cheddarsmash.com\/#organization\",\"name\":\"Cheddar Smash\",\"url\":\"https:\/\/cheddarsmash.com\/\",\"logo\":{\"@type\":\"ImageObject\",\"inLanguage\":\"en-GB\",\"@id\":\"https:\/\/cheddarsmash.com\/#\/schema\/logo\/image\/\",\"url\":\"https:\/\/cheddarsmash.com\/wp-content\/uploads\/2025\/02\/logo.svg\",\"contentUrl\":\"https:\/\/cheddarsmash.com\/wp-content\/uploads\/2025\/02\/logo.svg\",\"width\":261,\"height\":384,\"caption\":\"Cheddar Smash\"},\"image\":{\"@id\":\"https:\/\/cheddarsmash.com\/#\/schema\/logo\/image\/\"},\"sameAs\":[\"https:\/\/www.instagram.com\/cheddarsmash\/?hl=es\"]}]}<\/script>\n<!-- \/ Yoast SEO plugin. -->","yoast_head_json":{"title":"Aviso Legal - Cheddar Smash","robots":{"index":"index","follow":"follow","max-snippet":"max-snippet:-1","max-image-preview":"max-image-preview:large","max-video-preview":"max-video-preview:-1"},"canonical":"https:\/\/cheddarsmash.com\/en\/aviso-legal\/","og_locale":"en_GB","og_type":"article","og_title":"Aviso Legal - Cheddar Smash","og_description":"Aviso Legal En cumplimiento con el deber de informaci\u00f3n recogido en el art\u00edculo 10 de la Ley 34\/2002, de 11 de julio, de Servicios de la Sociedad de la Informaci\u00f3n y del Comercio Electr\u00f3nico, a continuaci\u00f3n se reflejan los datos identificativos de la empresa titular de este sitio web: Titular: MR IBIZA, SLCIF: B19746825Domicilio social: [&hellip;]","og_url":"https:\/\/cheddarsmash.com\/en\/aviso-legal\/","og_site_name":"Cheddar Smash","article_modified_time":"2025-03-27T11:27:04+00:00","og_image":[{"url":"https:\/\/cheddarsmash.com\/wp-content\/uploads\/2025\/02\/cuadrados.png","type":"","width":"","height":""}],"twitter_card":"summary_large_image","twitter_misc":{"Estimated reading time":"4 minutes"},"schema":{"@context":"https:\/\/schema.org","@graph":[{"@type":"WebPage","@id":"https:\/\/cheddarsmash.com\/en\/aviso-legal\/","url":"https:\/\/cheddarsmash.com\/en\/aviso-legal\/","name":"Aviso Legal - Cheddar Smash","isPartOf":{"@id":"https:\/\/cheddarsmash.com\/#website"},"primaryImageOfPage":{"@id":"https:\/\/cheddarsmash.com\/en\/aviso-legal\/#primaryimage"},"image":{"@id":"https:\/\/cheddarsmash.com\/en\/aviso-legal\/#primaryimage"},"thumbnailUrl":"https:\/\/cheddarsmash.com\/wp-content\/uploads\/2025\/02\/cuadrados.png","datePublished":"2025-03-27T09:19:55+00:00","dateModified":"2025-03-27T11:27:04+00:00","breadcrumb":{"@id":"https:\/\/cheddarsmash.com\/en\/aviso-legal\/#breadcrumb"},"inLanguage":"en-GB","potentialAction":[{"@type":"ReadAction","target":["https:\/\/cheddarsmash.com\/en\/aviso-legal\/"]}]},{"@type":"ImageObject","inLanguage":"en-GB","@id":"https:\/\/cheddarsmash.com\/en\/aviso-legal\/#primaryimage","url":"https:\/\/cheddarsmash.com\/wp-content\/uploads\/2025\/02\/cuadrados.png","contentUrl":"https:\/\/cheddarsmash.com\/wp-content\/uploads\/2025\/02\/cuadrados.png"},{"@type":"BreadcrumbList","@id":"https:\/\/cheddarsmash.com\/en\/aviso-legal\/#breadcrumb","itemListElement":[{"@type":"ListItem","position":1,"name":"Portada","item":"https:\/\/cheddarsmash.com\/en\/"},{"@type":"ListItem","position":2,"name":"Aviso Legal"}]},{"@type":"WebSite","@id":"https:\/\/cheddarsmash.com\/#website","url":"https:\/\/cheddarsmash.com\/","name":"Cheddar Smash","description":"Street Food","publisher":{"@id":"https:\/\/cheddarsmash.com\/#organization"},"potentialAction":[{"@type":"SearchAction","target":{"@type":"EntryPoint","urlTemplate":"https:\/\/cheddarsmash.com\/?s={search_term_string}"},"query-input":{"@type":"PropertyValueSpecification","valueRequired":true,"valueName":"search_term_string"}}],"inLanguage":"en-GB"},{"@type":"Organization","@id":"https:\/\/cheddarsmash.com\/#organization","name":"Cheddar Smash","url":"https:\/\/cheddarsmash.com\/","logo":{"@type":"ImageObject","inLanguage":"en-GB","@id":"https:\/\/cheddarsmash.com\/#\/schema\/logo\/image\/","url":"https:\/\/cheddarsmash.com\/wp-content\/uploads\/2025\/02\/logo.svg","contentUrl":"https:\/\/cheddarsmash.com\/wp-content\/uploads\/2025\/02\/logo.svg","width":261,"height":384,"caption":"Cheddar Smash"},"image":{"@id":"https:\/\/cheddarsmash.com\/#\/schema\/logo\/image\/"},"sameAs":["https:\/\/www.instagram.com\/cheddarsmash\/?hl=es"]}]}},"_links":{"self":[{"href":"https:\/\/cheddarsmash.com\/en\/wp-json\/wp\/v2\/pages\/648","targetHints":{"allow":["GET"]}}],"collection":[{"href":"https:\/\/cheddarsmash.com\/en\/wp-json\/wp\/v2\/pages"}],"about":[{"href":"https:\/\/cheddarsmash.com\/en\/wp-json\/wp\/v2\/types\/page"}],"author":[{"embeddable":true,"href":"https:\/\/cheddarsmash.com\/en\/wp-json\/wp\/v2\/users\/1"}],"replies":[{"embeddable":true,"href":"https:\/\/cheddarsmash.com\/en\/wp-json\/wp\/v2\/comments?post=648"}],"version-history":[{"count":10,"href":"https:\/\/cheddarsmash.com\/en\/wp-json\/wp\/v2\/pages\/648\/revisions"}],"predecessor-version":[{"id":682,"href":"https:\/\/cheddarsmash.com\/en\/wp-json\/wp\/v2\/pages\/648\/revisions\/682"}],"wp:attachment":[{"href":"https:\/\/cheddarsmash.com\/en\/wp-json\/wp\/v2\/media?parent=648"}],"curies":[{"name":"wp","href":"https:\/\/api.w.org\/{rel}","templated":true}]}}